{"id":212,"date":"2020-11-23T13:44:56","date_gmt":"2020-11-23T13:44:56","guid":{"rendered":"https:\/\/trol-craft.hr\/about\/"},"modified":"2020-12-11T23:45:18","modified_gmt":"2020-12-11T23:45:18","slug":"o-nama","status":"publish","type":"page","link":"https:\/\/trol-craft.hr\/hr\/o-nama\/","title":{"rendered":"O nama"},"content":{"rendered":"<p>THE ROOT OF LIFE Craftwork ili kra\u0107e TROL Craftwork je uslu\u017eni obrt vlasnika Igora Kova\u010da. Pri\u010da se ra\u0111a prije vi\u0161e od pet godine kao hobi s namjerom recikliranja. Uz neprestani trud i zalaganje kroz praksu, mapiranje tr\u017ei\u0161ta, dizajn elemenata i korespondenciju s potencijalnim korisnicima ro\u0111ena je obrtni\u010dka ideja za izradu rukotvorina.<\/p>\n<p>Alati su drvne sirovine, reciklirane metalne legure, LED dodaci i ekolo\u0161ki prihvatljivi premazi za drvo, a rezultat je ono \u0161to vi po\u017eelite.<\/p>\n<p>Proizvodni program &#8221;Great piece of wood&#8221; ima za osnovni cilj prezervaciju odumrlog, odba\u010denog i naizgled neiskoristivog drveta iz kojeg \u0107e se stvarati unikatni, dekorativni, ali krajnjem korisniku funkcionalni elementi od drveta. Uz proizvodne aktivnosti, obrt nudi i usluge savjetovanja u dizajniranju i ure\u0111enju prostora, kako privatnog, tako i poslovnog karakter, uz potpunu uklju\u010denost klijenta.<\/p>\n<p>U suradnji s partnerima koji djeluju kroz vlastite drvne i bravarske obrte razvili smo nekoliko serija proizvoda namje\u0161tajnog karaktera koji \u0107e nositi va\u017enu ulogu u promociji potpunog iskori\u0161tavanja drvne sirovine. Ista predstavlja osnovu za izradu unikatnih dizajnerskih proizvoda ili bilo kojeg drugog funkcionalnog elementa proiza\u0161log iz radionice TROL Craftworka putem principa &#8221;From woods to home&#8221;.<\/p>\n<p>Tu ne prestaju sve ideje. Postoji \u017eelja i za informiranjem i educiranjem mladih u \u0161kolskom sustavu. Rije\u010d je o prilikama koje im se pru\u017eaju pokretanjem vlastitih obrta i samozapo\u0161ljavanju te promociji ruralnog na\u010dina \u017eivota baziraju\u0107i se na Sisa\u010dko-moslava\u010dku \u017eupaniju.<\/p>\n<p>Ako prona\u0111ete ne\u0161to zanimljivo, obratite nam se s povjerenjem. Ovdje smo da u\u010dinimo sve da drvo \u017eivi vje\u010dno u va\u0161em prostoru.<\/p>\n","protected":false},"excerpt":{"rendered":"<p>THE ROOT OF LIFE Craftwork ili kra\u0107e TROL Craftwork je uslu\u017eni obrt vlasnika Igora Kova\u010da. Pri\u010da se ra\u0111a prije vi\u0161e od pet godine kao hobi s namjerom recikliranja. Uz neprestani trud i zalaganje kroz praksu, mapiranje tr\u017ei\u0161ta, dizajn &hellip;<\/p>\n","protected":false},"author":1,"featured_media":0,"parent":0,"menu_order":3,"comment_status":"closed","ping_status":"closed","template":"tpl-about.php","meta":{"_acf_changed":false,"footnotes":""},"class_list":["post-212","page","type-page","status-publish","hentry"],"acf":[],"yoast_head":"<!-- This site is optimized with the Yoast SEO plugin v27.5 - https:\/\/yoast.com\/product\/yoast-seo-wordpress\/ -->\n<title>O nama - TROL Craftwork<\/title>\n<meta name=\"robots\" content=\"index, follow, max-snippet:-1, max-image-preview:large, max-video-preview:-1\" \/>\n<link rel=\"canonical\" href=\"https:\/\/trol-craft.hr\/hr\/o-nama\/\" \/>\n<meta property=\"og:locale\" content=\"hr_HR\" \/>\n<meta property=\"og:type\" content=\"article\" \/>\n<meta property=\"og:title\" content=\"O nama - TROL Craftwork\" \/>\n<meta property=\"og:description\" content=\"THE ROOT OF LIFE Craftwork ili kra\u0107e TROL Craftwork je uslu\u017eni obrt vlasnika Igora Kova\u010da. Pri\u010da se ra\u0111a prije vi\u0161e od pet godine kao hobi s namjerom recikliranja. Uz neprestani trud i zalaganje kroz praksu, mapiranje tr\u017ei\u0161ta, dizajn &hellip;\" \/>\n<meta property=\"og:url\" content=\"https:\/\/trol-craft.hr\/hr\/o-nama\/\" \/>\n<meta property=\"og:site_name\" content=\"TROL Craftwork\" \/>\n<meta property=\"article:modified_time\" content=\"2020-12-11T23:45:18+00:00\" \/>\n<meta name=\"twitter:card\" content=\"summary_large_image\" \/>\n<meta name=\"twitter:label1\" content=\"Procijenjeno vrijeme \u010ditanja\" \/>\n\t<meta name=\"twitter:data1\" content=\"1 minuta\" \/>\n<script type=\"application\/ld+json\" class=\"yoast-schema-graph\">{\"@context\":\"https:\\\/\\\/schema.org\",\"@graph\":[{\"@type\":\"WebPage\",\"@id\":\"https:\\\/\\\/trol-craft.hr\\\/hr\\\/o-nama\\\/\",\"url\":\"https:\\\/\\\/trol-craft.hr\\\/hr\\\/o-nama\\\/\",\"name\":\"O nama - TROL Craftwork\",\"isPartOf\":{\"@id\":\"https:\\\/\\\/trol-craft.hr\\\/#website\"},\"datePublished\":\"2020-11-23T13:44:56+00:00\",\"dateModified\":\"2020-12-11T23:45:18+00:00\",\"breadcrumb\":{\"@id\":\"https:\\\/\\\/trol-craft.hr\\\/hr\\\/o-nama\\\/#breadcrumb\"},\"inLanguage\":\"hr\",\"potentialAction\":[{\"@type\":\"ReadAction\",\"target\":[\"https:\\\/\\\/trol-craft.hr\\\/hr\\\/o-nama\\\/\"]}]},{\"@type\":\"BreadcrumbList\",\"@id\":\"https:\\\/\\\/trol-craft.hr\\\/hr\\\/o-nama\\\/#breadcrumb\",\"itemListElement\":[{\"@type\":\"ListItem\",\"position\":1,\"name\":\"Home\",\"item\":\"https:\\\/\\\/trol-craft.hr\\\/hr\\\/\"},{\"@type\":\"ListItem\",\"position\":2,\"name\":\"O nama\"}]},{\"@type\":\"WebSite\",\"@id\":\"https:\\\/\\\/trol-craft.hr\\\/#website\",\"url\":\"https:\\\/\\\/trol-craft.hr\\\/\",\"name\":\"TROL Craftwork\",\"description\":\"great piece of wood\",\"potentialAction\":[{\"@type\":\"SearchAction\",\"target\":{\"@type\":\"EntryPoint\",\"urlTemplate\":\"https:\\\/\\\/trol-craft.hr\\\/?s={search_term_string}\"},\"query-input\":{\"@type\":\"PropertyValueSpecification\",\"valueRequired\":true,\"valueName\":\"search_term_string\"}}],\"inLanguage\":\"hr\"}]}<\/script>\n<!-- \/ Yoast SEO plugin. -->","yoast_head_json":{"title":"O nama - TROL Craftwork","robots":{"index":"index","follow":"follow","max-snippet":"max-snippet:-1","max-image-preview":"max-image-preview:large","max-video-preview":"max-video-preview:-1"},"canonical":"https:\/\/trol-craft.hr\/hr\/o-nama\/","og_locale":"hr_HR","og_type":"article","og_title":"O nama - TROL Craftwork","og_description":"THE ROOT OF LIFE Craftwork ili kra\u0107e TROL Craftwork je uslu\u017eni obrt vlasnika Igora Kova\u010da. Pri\u010da se ra\u0111a prije vi\u0161e od pet godine kao hobi s namjerom recikliranja. Uz neprestani trud i zalaganje kroz praksu, mapiranje tr\u017ei\u0161ta, dizajn &hellip;","og_url":"https:\/\/trol-craft.hr\/hr\/o-nama\/","og_site_name":"TROL Craftwork","article_modified_time":"2020-12-11T23:45:18+00:00","twitter_card":"summary_large_image","twitter_misc":{"Procijenjeno vrijeme \u010ditanja":"1 minuta"},"schema":{"@context":"https:\/\/schema.org","@graph":[{"@type":"WebPage","@id":"https:\/\/trol-craft.hr\/hr\/o-nama\/","url":"https:\/\/trol-craft.hr\/hr\/o-nama\/","name":"O nama - TROL Craftwork","isPartOf":{"@id":"https:\/\/trol-craft.hr\/#website"},"datePublished":"2020-11-23T13:44:56+00:00","dateModified":"2020-12-11T23:45:18+00:00","breadcrumb":{"@id":"https:\/\/trol-craft.hr\/hr\/o-nama\/#breadcrumb"},"inLanguage":"hr","potentialAction":[{"@type":"ReadAction","target":["https:\/\/trol-craft.hr\/hr\/o-nama\/"]}]},{"@type":"BreadcrumbList","@id":"https:\/\/trol-craft.hr\/hr\/o-nama\/#breadcrumb","itemListElement":[{"@type":"ListItem","position":1,"name":"Home","item":"https:\/\/trol-craft.hr\/hr\/"},{"@type":"ListItem","position":2,"name":"O nama"}]},{"@type":"WebSite","@id":"https:\/\/trol-craft.hr\/#website","url":"https:\/\/trol-craft.hr\/","name":"TROL Craftwork","description":"great piece of wood","potentialAction":[{"@type":"SearchAction","target":{"@type":"EntryPoint","urlTemplate":"https:\/\/trol-craft.hr\/?s={search_term_string}"},"query-input":{"@type":"PropertyValueSpecification","valueRequired":true,"valueName":"search_term_string"}}],"inLanguage":"hr"}]}},"_links":{"self":[{"href":"https:\/\/trol-craft.hr\/hr\/wp-json\/wp\/v2\/pages\/212","targetHints":{"allow":["GET"]}}],"collection":[{"href":"https:\/\/trol-craft.hr\/hr\/wp-json\/wp\/v2\/pages"}],"about":[{"href":"https:\/\/trol-craft.hr\/hr\/wp-json\/wp\/v2\/types\/page"}],"author":[{"embeddable":true,"href":"https:\/\/trol-craft.hr\/hr\/wp-json\/wp\/v2\/users\/1"}],"replies":[{"embeddable":true,"href":"https:\/\/trol-craft.hr\/hr\/wp-json\/wp\/v2\/comments?post=212"}],"version-history":[{"count":5,"href":"https:\/\/trol-craft.hr\/hr\/wp-json\/wp\/v2\/pages\/212\/revisions"}],"predecessor-version":[{"id":303,"href":"https:\/\/trol-craft.hr\/hr\/wp-json\/wp\/v2\/pages\/212\/revisions\/303"}],"wp:attachment":[{"href":"https:\/\/trol-craft.hr\/hr\/wp-json\/wp\/v2\/media?parent=212"}],"curies":[{"name":"wp","href":"https:\/\/api.w.org\/{rel}","templated":true}]}}